{"id":4760,"date":"2015-12-10T12:52:33","date_gmt":"2015-12-10T11:52:33","guid":{"rendered":"https:\/\/ginjer-am.com\/nos-partenaires\/"},"modified":"2019-01-21T14:51:32","modified_gmt":"2019-01-21T13:51:32","slug":"partners","status":"publish","type":"page","link":"https:\/\/ginjer-am.com\/en\/partners\/","title":{"rendered":"Partners"},"content":{"rendered":"<p>[et_pb_section bb_built=&#8221;1&#8243; admin_label=&#8221;section&#8221; next_background_color=&#8221;#444444&#8243;][et_pb_row admin_label=&#8221;row&#8221; background_position=&#8221;top_left&#8221; background_repeat=&#8221;repeat&#8221; background_size=&#8221;initial&#8221;][et_pb_column type=&#8221;4_4&#8243;][et_pb_text background_layout=&#8221;light&#8221; module_alignment=&#8221;left&#8221; background_position=&#8221;top_left&#8221; background_repeat=&#8221;repeat&#8221; background_size=&#8221;initial&#8221; _builder_version=&#8221;3.0.106&#8243;]<\/p>\n<h1>Our Partners<\/h1>\n<p><img loading=\"lazy\" decoding=\"async\" class=\"alignnone wp-image-6182 \" src=\"https:\/\/ginjer-am.com\/wp-content\/uploads\/2019\/01\/bnpam-logo.png\" alt=\"\" width=\"318\" height=\"66\" \/><\/p>\n<p>BNP Paribas Asset Management is the investment management arm of BNP Paribas, one of the world\u2019s major financial institutions.<\/p>\n<p>&#8211; Managing EUR 416 billion in assets as of 30 September 2018<\/p>\n<p>&#8211; A comprehensive range of active, passive and quantitative investment solutions covering a broad spectrum of asset classes and regions<\/p>\n<p>&#8211; More than 500 investment professionals and around 400 client servicing specialists for individual, corporate and institutional investors<\/p>\n<p>&#8211; A major player in sustainable and responsible investing since 2002<\/p>\n<p>&#8211; Backed by BNP Paribas Group, one of the best rated banks in the world (A) (1)<\/p>\n<p>(1) Standard &amp; Poor\u2019s, 04 July 2018<\/p>\n<p><!--&nbsp;\n\n<img loading=\"lazy\" decoding=\"async\" class=\"alignnone size-full wp-image-2961\" src=\"https:\/\/ginjer-am.com\/wp-content\/uploads\/2016\/02\/logo_francaise.png\" alt=\"logo_francaise\" width=\"218\" height=\"146\">\n\nLa Fran\u00e7aise AM is a specialist multi asset management group that manages nearly 35 billion euros (as at 31.12.2010). For a number of years, this company has developed a shareholding division and has just launched \"Next: New Expertises and Talents\", a legal structure designed to house its incubation activity. Next is supporting the launch of young companies in the financial management sector by taking minority stakes in the capital.--><\/p>\n<p>[\/et_pb_text][\/et_pb_column][\/et_pb_row][\/et_pb_section][et_pb_section bb_built=&#8221;1&#8243; fullwidth=&#8221;off&#8221; specialty=&#8221;off&#8221; transparent_background=&#8221;off&#8221; background_color=&#8221;#444444&#8243; parallax_method=&#8221;off&#8221; custom_padding=&#8221;44px|0px|44px|0px&#8221; custom_padding_last_edited=&#8221;on|phone&#8221; _builder_version=&#8221;3.0.87&#8243; prev_background_color=&#8221;#FFFFFF&#8221; next_background_color=&#8221;#333333&#8243;][et_pb_row make_fullwidth=&#8221;on&#8221; use_custom_width=&#8221;off&#8221; width_unit=&#8221;on&#8221; use_custom_gutter=&#8221;off&#8221; padding_mobile=&#8221;on&#8221; allow_player_pause=&#8221;off&#8221; parallax=&#8221;off&#8221; parallax_method=&#8221;off&#8221; make_equal=&#8221;off&#8221; parallax_1=&#8221;off&#8221; parallax_method_1=&#8221;off&#8221; column_padding_mobile=&#8221;on&#8221; custom_padding=&#8221;0px||0px|&#8221; custom_padding_last_edited=&#8221;on|phone&#8221; custom_margin=&#8221;0px||0px|&#8221; custom_margin_last_edited=&#8221;on|phone&#8221; padding_top_1=&#8221;0px&#8221; padding_bottom_1=&#8221;0px&#8221; padding_1_last_edited=&#8221;on|desktop&#8221; background_position=&#8221;top_left&#8221; background_repeat=&#8221;repeat&#8221; background_size=&#8221;initial&#8221;][et_pb_column type=&#8221;4_4&#8243;][et_pb_image src=&#8221;https:\/\/ginjer-am.com\/wp-content\/uploads\/2015\/12\/ginjer_logo_blanc_large.png&#8221; show_in_lightbox=&#8221;off&#8221; url_new_window=&#8221;off&#8221; use_overlay=&#8221;off&#8221; animation=&#8221;off&#8221; sticky=&#8221;off&#8221; align=&#8221;center&#8221; force_fullwidth=&#8221;off&#8221; always_center_on_mobile=&#8221;on&#8221; use_border_color=&#8221;off&#8221; border_color=&#8221;#ffffff&#8221; border_style=&#8221;solid&#8221; url=&#8221;https:\/\/ginjer-am.com&#8221; custom_margin=&#8221;0px||0px|&#8221; custom_margin_last_edited=&#8221;on|desktop&#8221; max_width=&#8221;200px&#8221; animation_style=&#8221;none&#8221; animation_duration=&#8221;1000ms&#8221; animation_intensity_slide=&#8221;50%&#8221; show_bottom_space=&#8221;on&#8221; \/][et_pb_text background_layout=&#8221;light&#8221; text_orientation=&#8221;center&#8221; max_width=&#8221;450px&#8221; text_font_size=&#8221;16&#8243; custom_margin=&#8221;0px||0px|&#8221; custom_margin_last_edited=&#8221;on|phone&#8221; custom_padding=&#8221;20px||0px|&#8221; custom_padding_last_edited=&#8221;on|phone&#8221; module_alignment=&#8221;center&#8221; _builder_version=&#8221;3.0.106&#8243;]<\/p>\n<div style=\"width: 33%; padding: 0 10px 0 0; float: left;\"><a class=\"linkspecial\" href=\"https:\/\/ginjer-am.com\/wp-content\/uploads\/2017\/02\/press_kit_ginjer.pdf\" target=\"_blank\" rel=\"noopener noreferrer\">Press-Kit (FR)<\/a><\/div>\n<div style=\"width: 33%; padding: 0 10px 0 0; float: left;\"><a class=\"linkspecial\" href=\"https:\/\/ginjer-am.com\/en\/partners\/\" target=\"_blank\" rel=\"noopener noreferrer\">Partners<\/a><\/div>\n<div style=\"width: 33%; padding: 0 10px 0 0; float: left;\"><a class=\"linkspecial\" href=\"https:\/\/ginjer-am.com\/en\/contact\/\" target=\"_blank\" rel=\"noopener noreferrer\">Contact<\/a><\/div>\n<p>[\/et_pb_text][\/et_pb_column][\/et_pb_row][\/et_pb_section][et_pb_section bb_built=&#8221;1&#8243; admin_label=&#8221;footer disclaimer EN&#8221; fullwidth=&#8221;off&#8221; specialty=&#8221;off&#8221; transparent_background=&#8221;off&#8221; parallax_method=&#8221;off&#8221; padding_mobile=&#8221;on&#8221; custom_padding=&#8221;25px||25px|&#8221; background_color=&#8221;#333333&#8243; _builder_version=&#8221;3.0.87&#8243; prev_background_color=&#8221;#444444&#8243; next_background_color=&#8221;#FFFFFF&#8221;][et_pb_row make_fullwidth=&#8221;on&#8221; use_custom_width=&#8221;off&#8221; width_unit=&#8221;on&#8221; use_custom_gutter=&#8221;off&#8221; padding_mobile=&#8221;off&#8221; allow_player_pause=&#8221;off&#8221; parallax=&#8221;off&#8221; parallax_method=&#8221;off&#8221; make_equal=&#8221;off&#8221; parallax_1=&#8221;off&#8221; parallax_method_1=&#8221;off&#8221; parallax_2=&#8221;off&#8221; parallax_method_2=&#8221;off&#8221; column_padding_mobile=&#8221;on&#8221; background_color=&#8221;#333333&#8243; background_position=&#8221;top_left&#8221; background_repeat=&#8221;repeat&#8221; background_size=&#8221;initial&#8221;][et_pb_column type=&#8221;1_3&#8243;][et_pb_text background_layout=&#8221;light&#8221; text_orientation=&#8221;center&#8221; text_font=&#8221;Open Sans||||&#8221; text_font_size=&#8221;12&#8243; text_text_color=&#8221;#ffffff&#8221; module_alignment=&#8221;center&#8221; _builder_version=&#8221;3.0.86&#8243;]<\/p>\n<p class=\"p1\">Website created by <a class=\"linkadvence\" href=\"http:\/\/www.advence.fr\" target=\"blank\">Advence<\/a> 2016.<\/p>\n<p>[\/et_pb_text][\/et_pb_column][et_pb_column type=&#8221;2_3&#8243;][et_pb_text background_layout=&#8221;light&#8221; text_text_color=&#8221;#999999&#8243; text_font=&#8221;Open Sans||||&#8221; text_font_size=&#8221;12&#8243; text_line_height=&#8221;1.5em&#8221; module_alignment=&#8221;left&#8221; _builder_version=&#8221;3.0.87&#8243;]<\/p>\n<p>You can also read our <a class=\"linkspecial\" href=\"https:\/\/ginjer-am.com\/en\/legal-informations\/\">disclaimer<\/a>. The content used on this website may not be reproduced, distributed, transmitted, hidden or used without the authorization of Ginjer<span style=\"font-size: 0.3em;\">AM<\/span>.<\/p>\n<p>[\/et_pb_text][\/et_pb_column][\/et_pb_row][\/et_pb_section][et_pb_section bb_built=&#8221;1&#8243; fullwidth=&#8221;on&#8221; specialty=&#8221;off&#8221; transparent_background=&#8221;off&#8221; allow_player_pause=&#8221;off&#8221; inner_shadow=&#8221;off&#8221; parallax=&#8221;off&#8221; parallax_method=&#8221;off&#8221; custom_padding=&#8221;0px|0px|0px|0px&#8221; padding_mobile=&#8221;on&#8221; make_fullwidth=&#8221;off&#8221; use_custom_width=&#8221;off&#8221; width_unit=&#8221;on&#8221; make_equal=&#8221;off&#8221; use_custom_gutter=&#8221;off&#8221; gutter_width=&#8221;3&#8243; disabled_on=&#8221;on|on|on&#8221; disabled=&#8221;on&#8221; custom_padding_tablet=&#8221;0px|0px|0px|0px&#8221; prev_background_color=&#8221;#333333&#8243; next_background_color=&#8221;#000000&#8243;][et_pb_fullwidth_menu menu_id=&#8221;13&#8243; background_color=&#8221;#283139&#8243; background_layout=&#8221;dark&#8221; text_orientation=&#8221;right&#8221; submenu_direction=&#8221;upwards&#8221; fullwidth_menu=&#8221;off&#8221; dropdown_menu_animation=&#8221;fade&#8221; menu_font_size=&#8221;16px&#8221; menu_font=&#8221;Open Sans||||&#8221; active_link_color=&#8221;#ff5b72&#8243; menu_text_color=&#8221;#ffffff&#8221; custom_css_main_element=&#8221;padding:0px;&#8221; dropdown_menu_line_color=&#8221;#ff5b72&#8243; dropdown_menu_bg_color=&#8221;#283139&#8243; dropdown_menu_text_color=&#8221;#ffffff&#8221; mobile_menu_bg_color=&#8221;#283139&#8243; mobile_menu_text_color=&#8221;#ffffff&#8221; background_position=&#8221;top_left&#8221; background_repeat=&#8221;repeat&#8221; background_size=&#8221;initial&#8221; \/][\/et_pb_section]<\/p>\n<p>&nbsp;<\/p>\n","protected":false},"excerpt":{"rendered":"<p>[et_pb_section bb_built=&#8221;1&#8243; admin_label=&#8221;section&#8221; next_background_color=&#8221;#444444&#8243;][et_pb_row admin_label=&#8221;row&#8221; background_position=&#8221;top_left&#8221; background_repeat=&#8221;repeat&#8221; background_size=&#8221;initial&#8221;][et_pb_column type=&#8221;4_4&#8243;][et_pb_text background_layout=&#8221;light&#8221; module_alignment=&#8221;left&#8221; background_position=&#8221;top_left&#8221; background_repeat=&#8221;repeat&#8221; background_size=&#8221;initial&#8221; _builder_version=&#8221;3.0.106&#8243;] Our Partners BNP Paribas Asset Management is the investment management arm of BNP Paribas, one of the world\u2019s major financial institutions. &#8211; Managing EUR 416 billion in assets as of 30 September 2018 &#8211; A comprehensive range of active, passive [&hellip;]<\/p>\n","protected":false},"author":8,"featured_media":0,"parent":0,"menu_order":0,"comment_status":"closed","ping_status":"closed","template":"","meta":{"_et_pb_use_builder":"off","_et_pb_old_content":"<p><a href=\"https:\/\/ginjer-am.com\/wp-content\/uploads\/2015\/10\/ginjer-identite-bnp.png\"><img class=\"alignnone wp-image-1138\" src=\"https:\/\/ginjer-am.com\/wp-content\/uploads\/2015\/10\/ginjer-identite-bnp-600x143.png\" alt=\"ginjer-identite-bnp\" width=\"264\" height=\"61\" \/><\/a><\/p><p>BNP Paribas Investment Partners est la branche d\u2019activit\u00e9s sp\u00e9cialis\u00e9e en gestion d\u2019actifs du groupe BNP Paribas. BNP Paribas Investment Partners offre l\u2019\u00e9ventail complet de services de gestion d\u2019actifs aux investisseurs tant institutionnels que priv\u00e9s du monde entier. Le partenariat occupe une place centrale dans notre approche de la gestion, dans les relations avec nos clients et dans notre fonctionnement en tant que \u00ab famille \u00bb d\u2019entreprises. Plus de 800 professionnels de l\u2019investissement collaborent dans notre r\u00e9seau de 60 centres d\u2019investissement, chacun d\u2019entre eux \u00e9tant sp\u00e9cialis\u00e9 dans une classe d\u2019actifs ou un type de produit particulier. Fort d\u2019un encours en gestion total de 510 milliards d\u2019euros*, BNP Paribas Investment Partners est le 6\u00e8me plus grand gestionnaire d\u2019actifs en Europe et le 14\u00e8me \u00e0 l\u2019\u00e9chelle mondiale*. *Source : BNP Paribas Investment Partners au 30 septembre 2011<\/p><p>\u00a0<\/p><p><a href=\"https:\/\/ginjer-am.com\/wp-content\/uploads\/2015\/12\/LaFrancaise-AM.png\"><img class=\"alignnone wp-image-1554\" src=\"https:\/\/ginjer-am.com\/wp-content\/uploads\/2015\/12\/LaFrancaise-AM-600x108.png\" alt=\"LaFrancaise-AM\" width=\"264\" height=\"47\" \/><\/a><\/p><p>La Fran\u00e7aise AM est un Groupe de gestion d\u2019actifs multi sp\u00e9cialiste qui g\u00e8re pr\u00e8s de 35 Milliards d'euros (au 31.12.2010). Cette soci\u00e9t\u00e9 a d\u00e9velopp\u00e9 depuis de nombreuses ann\u00e9es un p\u00f4le de participations et vient de lancer \u00ab\u00a0Next : Nouvelles Expertises et Talents\u00a0\u00bb, une structure juridique destin\u00e9e \u00e0 loger son activit\u00e9 d'incubation. Next accompagne ainsi le lancement de jeunes soci\u00e9t\u00e9s du secteur de la gestion financi\u00e8re en prenant des participations minoritaires au capital.<\/p>","_et_gb_content_width":"","_monsterinsights_skip_tracking":false,"_monsterinsights_sitenote_active":false,"_monsterinsights_sitenote_note":"","_monsterinsights_sitenote_category":0,"footnotes":""},"class_list":["post-4760","page","type-page","status-publish","hentry"],"yoast_head":"<!-- This site is optimized with the Yoast SEO plugin v27.3 - https:\/\/yoast.com\/product\/yoast-seo-wordpress\/ -->\n<title>Partners - Ginjer<\/title>\n<meta name=\"robots\" content=\"index, follow, max-snippet:-1, max-image-preview:large, max-video-preview:-1\" \/>\n<link rel=\"canonical\" href=\"https:\/\/ginjer-am.com\/en\/partners\/\" \/>\n<meta property=\"og:locale\" content=\"en_US\" \/>\n<meta property=\"og:type\" content=\"article\" \/>\n<meta property=\"og:title\" content=\"Partners - Ginjer\" \/>\n<meta property=\"og:description\" content=\"[et_pb_section bb_built=&#8221;1&#8243; admin_label=&#8221;section&#8221; next_background_color=&#8221;#444444&#8243;][et_pb_row admin_label=&#8221;row&#8221; background_position=&#8221;top_left&#8221; background_repeat=&#8221;repeat&#8221; background_size=&#8221;initial&#8221;][et_pb_column type=&#8221;4_4&#8243;][et_pb_text background_layout=&#8221;light&#8221; module_alignment=&#8221;left&#8221; background_position=&#8221;top_left&#8221; background_repeat=&#8221;repeat&#8221; background_size=&#8221;initial&#8221; _builder_version=&#8221;3.0.106&#8243;] Our Partners BNP Paribas Asset Management is the investment management arm of BNP Paribas, one of the world\u2019s major financial institutions. &#8211; Managing EUR 416 billion in assets as of 30 September 2018 &#8211; A comprehensive range of active, passive [&hellip;]\" \/>\n<meta property=\"og:url\" content=\"https:\/\/ginjer-am.com\/en\/partners\/\" \/>\n<meta property=\"og:site_name\" content=\"Ginjer\" \/>\n<meta property=\"article:modified_time\" content=\"2019-01-21T13:51:32+00:00\" \/>\n<meta property=\"og:image\" content=\"https:\/\/ginjer-am.com\/wp-content\/uploads\/2019\/01\/bnpam-logo.png\" \/>\n<meta name=\"twitter:card\" content=\"summary_large_image\" \/>\n<meta name=\"twitter:label1\" content=\"Est. reading time\" \/>\n\t<meta name=\"twitter:data1\" content=\"4 minutes\" \/>\n<script type=\"application\/ld+json\" class=\"yoast-schema-graph\">{\"@context\":\"https:\\\/\\\/schema.org\",\"@graph\":[{\"@type\":\"WebPage\",\"@id\":\"https:\\\/\\\/ginjer-am.com\\\/en\\\/partners\\\/\",\"url\":\"https:\\\/\\\/ginjer-am.com\\\/en\\\/partners\\\/\",\"name\":\"Partners - Ginjer\",\"isPartOf\":{\"@id\":\"https:\\\/\\\/ginjer-am.com\\\/#website\"},\"primaryImageOfPage\":{\"@id\":\"https:\\\/\\\/ginjer-am.com\\\/en\\\/partners\\\/#primaryimage\"},\"image\":{\"@id\":\"https:\\\/\\\/ginjer-am.com\\\/en\\\/partners\\\/#primaryimage\"},\"thumbnailUrl\":\"https:\\\/\\\/ginjer-am.com\\\/wp-content\\\/uploads\\\/2019\\\/01\\\/bnpam-logo.png\",\"datePublished\":\"2015-12-10T11:52:33+00:00\",\"dateModified\":\"2019-01-21T13:51:32+00:00\",\"breadcrumb\":{\"@id\":\"https:\\\/\\\/ginjer-am.com\\\/en\\\/partners\\\/#breadcrumb\"},\"inLanguage\":\"en-US\",\"potentialAction\":[{\"@type\":\"ReadAction\",\"target\":[\"https:\\\/\\\/ginjer-am.com\\\/en\\\/partners\\\/\"]}]},{\"@type\":\"ImageObject\",\"inLanguage\":\"en-US\",\"@id\":\"https:\\\/\\\/ginjer-am.com\\\/en\\\/partners\\\/#primaryimage\",\"url\":\"https:\\\/\\\/ginjer-am.com\\\/wp-content\\\/uploads\\\/2019\\\/01\\\/bnpam-logo.png\",\"contentUrl\":\"https:\\\/\\\/ginjer-am.com\\\/wp-content\\\/uploads\\\/2019\\\/01\\\/bnpam-logo.png\"},{\"@type\":\"BreadcrumbList\",\"@id\":\"https:\\\/\\\/ginjer-am.com\\\/en\\\/partners\\\/#breadcrumb\",\"itemListElement\":[{\"@type\":\"ListItem\",\"position\":1,\"name\":\"Accueil\",\"item\":\"https:\\\/\\\/ginjer-am.com\\\/en\\\/\"},{\"@type\":\"ListItem\",\"position\":2,\"name\":\"Partners\"}]},{\"@type\":\"WebSite\",\"@id\":\"https:\\\/\\\/ginjer-am.com\\\/#website\",\"url\":\"https:\\\/\\\/ginjer-am.com\\\/\",\"name\":\"Ginjer\",\"description\":\"Un site utilisant WordPress\",\"potentialAction\":[{\"@type\":\"SearchAction\",\"target\":{\"@type\":\"EntryPoint\",\"urlTemplate\":\"https:\\\/\\\/ginjer-am.com\\\/?s={search_term_string}\"},\"query-input\":{\"@type\":\"PropertyValueSpecification\",\"valueRequired\":true,\"valueName\":\"search_term_string\"}}],\"inLanguage\":\"en-US\"}]}<\/script>\n<!-- \/ Yoast SEO plugin. -->","yoast_head_json":{"title":"Partners - Ginjer","robots":{"index":"index","follow":"follow","max-snippet":"max-snippet:-1","max-image-preview":"max-image-preview:large","max-video-preview":"max-video-preview:-1"},"canonical":"https:\/\/ginjer-am.com\/en\/partners\/","og_locale":"en_US","og_type":"article","og_title":"Partners - Ginjer","og_description":"[et_pb_section bb_built=&#8221;1&#8243; admin_label=&#8221;section&#8221; next_background_color=&#8221;#444444&#8243;][et_pb_row admin_label=&#8221;row&#8221; background_position=&#8221;top_left&#8221; background_repeat=&#8221;repeat&#8221; background_size=&#8221;initial&#8221;][et_pb_column type=&#8221;4_4&#8243;][et_pb_text background_layout=&#8221;light&#8221; module_alignment=&#8221;left&#8221; background_position=&#8221;top_left&#8221; background_repeat=&#8221;repeat&#8221; background_size=&#8221;initial&#8221; _builder_version=&#8221;3.0.106&#8243;] Our Partners BNP Paribas Asset Management is the investment management arm of BNP Paribas, one of the world\u2019s major financial institutions. &#8211; Managing EUR 416 billion in assets as of 30 September 2018 &#8211; A comprehensive range of active, passive [&hellip;]","og_url":"https:\/\/ginjer-am.com\/en\/partners\/","og_site_name":"Ginjer","article_modified_time":"2019-01-21T13:51:32+00:00","og_image":[{"url":"https:\/\/ginjer-am.com\/wp-content\/uploads\/2019\/01\/bnpam-logo.png","type":"","width":"","height":""}],"twitter_card":"summary_large_image","twitter_misc":{"Est. reading time":"4 minutes"},"schema":{"@context":"https:\/\/schema.org","@graph":[{"@type":"WebPage","@id":"https:\/\/ginjer-am.com\/en\/partners\/","url":"https:\/\/ginjer-am.com\/en\/partners\/","name":"Partners - Ginjer","isPartOf":{"@id":"https:\/\/ginjer-am.com\/#website"},"primaryImageOfPage":{"@id":"https:\/\/ginjer-am.com\/en\/partners\/#primaryimage"},"image":{"@id":"https:\/\/ginjer-am.com\/en\/partners\/#primaryimage"},"thumbnailUrl":"https:\/\/ginjer-am.com\/wp-content\/uploads\/2019\/01\/bnpam-logo.png","datePublished":"2015-12-10T11:52:33+00:00","dateModified":"2019-01-21T13:51:32+00:00","breadcrumb":{"@id":"https:\/\/ginjer-am.com\/en\/partners\/#breadcrumb"},"inLanguage":"en-US","potentialAction":[{"@type":"ReadAction","target":["https:\/\/ginjer-am.com\/en\/partners\/"]}]},{"@type":"ImageObject","inLanguage":"en-US","@id":"https:\/\/ginjer-am.com\/en\/partners\/#primaryimage","url":"https:\/\/ginjer-am.com\/wp-content\/uploads\/2019\/01\/bnpam-logo.png","contentUrl":"https:\/\/ginjer-am.com\/wp-content\/uploads\/2019\/01\/bnpam-logo.png"},{"@type":"BreadcrumbList","@id":"https:\/\/ginjer-am.com\/en\/partners\/#breadcrumb","itemListElement":[{"@type":"ListItem","position":1,"name":"Accueil","item":"https:\/\/ginjer-am.com\/en\/"},{"@type":"ListItem","position":2,"name":"Partners"}]},{"@type":"WebSite","@id":"https:\/\/ginjer-am.com\/#website","url":"https:\/\/ginjer-am.com\/","name":"Ginjer","description":"Un site utilisant WordPress","potentialAction":[{"@type":"SearchAction","target":{"@type":"EntryPoint","urlTemplate":"https:\/\/ginjer-am.com\/?s={search_term_string}"},"query-input":{"@type":"PropertyValueSpecification","valueRequired":true,"valueName":"search_term_string"}}],"inLanguage":"en-US"}]}},"_links":{"self":[{"href":"https:\/\/ginjer-am.com\/en\/wp-json\/wp\/v2\/pages\/4760","targetHints":{"allow":["GET"]}}],"collection":[{"href":"https:\/\/ginjer-am.com\/en\/wp-json\/wp\/v2\/pages"}],"about":[{"href":"https:\/\/ginjer-am.com\/en\/wp-json\/wp\/v2\/types\/page"}],"author":[{"embeddable":true,"href":"https:\/\/ginjer-am.com\/en\/wp-json\/wp\/v2\/users\/8"}],"replies":[{"embeddable":true,"href":"https:\/\/ginjer-am.com\/en\/wp-json\/wp\/v2\/comments?post=4760"}],"version-history":[{"count":9,"href":"https:\/\/ginjer-am.com\/en\/wp-json\/wp\/v2\/pages\/4760\/revisions"}],"predecessor-version":[{"id":6185,"href":"https:\/\/ginjer-am.com\/en\/wp-json\/wp\/v2\/pages\/4760\/revisions\/6185"}],"wp:attachment":[{"href":"https:\/\/ginjer-am.com\/en\/wp-json\/wp\/v2\/media?parent=4760"}],"curies":[{"name":"wp","href":"https:\/\/api.w.org\/{rel}","templated":true}]}}